{"id":673,"date":"2016-07-24T20:21:42","date_gmt":"2016-07-24T20:21:42","guid":{"rendered":"http:\/\/dev.parco.gov.ba\/izvjestaji-o-napretku-rju\/izvjestaj-o-napretku-2008\/"},"modified":"2016-09-06T19:40:04","modified_gmt":"2016-09-06T17:40:04","slug":"izvjestaj-o-napretku-2008","status":"publish","type":"page","link":"https:\/\/parco.gov.ba\/hr\/dokumenti\/izvjestaji\/izvjestaji-o-napretku-rju\/izvjestaj-o-napretku-2008\/","title":{"rendered":"Izvje\u0161taj o napretku: 2008."},"content":{"rendered":"<p><\/p>\n<table class=\"docs\" cellspacing=\"0\" cellpadding=\"2\">\n<tbody>\n<tr>\n<th class=\"fr-left\">No.<\/th>\n<th class=\"fr\"><\/th>\n<th class=\"fr\">Ime<\/th>\n<\/tr>\n<tr class=\"file-item\">\n<td align=\"center\">1<\/td>\n<td valign=\"middle\"><\/td>\n<td align=\"left\"><a href=\"http:\/\/parco.gov.ba\/\/wp-content\/uploads\/2016\/07\/2008-godisnje-izvjesce-o-napretku-provedbe-ap-1.pdf\">2008: Godi\u0161nje izvje\u0161\u0107e o napretku provedbe AP 1<\/a><\/td>\n<\/tr>\n<tr class=\"file-item\">\n<td align=\"center\">2<\/td>\n<td valign=\"middle\"><\/td>\n<td align=\"left\"><a href=\"http:\/\/parco.gov.ba\/\/wp-content\/uploads\/2016\/07\/2008-kvartalno-izvjesce-o-napretku-provedbe-ap-1-i-kvartal.pdf\">2008: Kvartalno izvje\u0161\u0107e o napretku provedbe AP 1 &#8211; I kvartal<\/a><\/td>\n<\/tr>\n<tr class=\"file-item\">\n<td align=\"center\">3<\/td>\n<td valign=\"middle\"><\/td>\n<td align=\"left\"><a href=\"http:\/\/parco.gov.ba\/\/wp-content\/uploads\/2016\/07\/2008-kvartalno-izvjesce-o-napretku-provedbe-ap-1-ii-kvartal.pdf\">2008: Kvartalno izvje\u0161\u0107e o napretku provedbe AP 1 &#8211; II kvartal<\/a><\/td>\n<\/tr>\n<tr class=\"file-item\">\n<td align=\"center\">4<\/td>\n<td valign=\"middle\"><\/td>\n<td align=\"left\"><a href=\"http:\/\/parco.gov.ba\/\/wp-content\/uploads\/2016\/07\/2008-kvartalno-izvjesce-o-napretku-provedbe-ap-1-iii-kvartal.pdf\">2008: Kvartalno izvje\u0161\u0107e o napretku provedbe AP 1 &#8211; III kvartal<\/a><\/td>\n<\/tr>\n<tr class=\"file-item\">\n<td align=\"center\">5<\/td>\n<td valign=\"middle\"><\/td>\n<td align=\"left\"><a href=\"http:\/\/parco.gov.ba\/\/wp-content\/uploads\/2016\/07\/aneks-godisnjeg-izvjesca-o-napretku-za-2008-godinu-me-tabela.pdf\">Aneks Godi\u0161njeg izvje\u0161\u0107a o napretku za 2008. godinu: M&amp;E tabela<\/a><\/td>\n<\/tr>\n<tr class=\"file-item\">\n<td align=\"center\">6<\/td>\n<td valign=\"middle\"><\/td>\n<td align=\"left\"><a href=\"http:\/\/parco.gov.ba\/\/wp-content\/uploads\/2016\/07\/aneks-kvartalnog-izvjesca-0104-3006-2008-me-tabela.pdf\">Aneks Kvartalnog izvje\u0161\u0107a 01.04. &#8211; 30.06. 2008: M&amp;E tabela<\/a><\/td>\n<\/tr>\n<tr class=\"file-item\">\n<td align=\"center\">7<\/td>\n<td valign=\"middle\"><\/td>\n<td align=\"left\"><a href=\"http:\/\/parco.gov.ba\/\/wp-content\/uploads\/2016\/07\/aneks-kvartalnog-izvjesca-0107-30092008-me-tabela.pdf\">Aneks Kvartalnog izvje\u0161\u0107a 01.07. &#8211; 30.09.2008: M&amp;E tabela<\/a><\/td>\n<\/tr>\n<tr class=\"file-item\">\n<td align=\"center\">8<\/td>\n<td valign=\"middle\"><\/td>\n<td align=\"left\"><a href=\"http:\/\/parco.gov.ba\/\/wp-content\/uploads\/2016\/07\/aneks-kvartalnog-izvjesca-o-napretku-za-prvi-kvartal-2008-godine-me-tabela.pdf\">Aneks Kvartalnog izvje\u0161\u0107a o napretku za prvi kvartal 2008. godine: M&amp;E tabela<\/a><\/td>\n<\/tr>\n<\/tbody>\n<\/table>\n<p><\/p>","protected":false},"excerpt":{"rendered":"<p>No. Ime 1 2008: Godi\u0161nje izvje\u0161\u0107e o napretku provedbe AP 1 2 2008: Kvartalno izvje\u0161\u0107e o napretku provedbe AP 1 &#8211; I kvartal 3 2008: Kvartalno izvje\u0161\u0107e o napretku provedbe AP 1 &#8211; II kvartal 4 2008: Kvartalno izvje\u0161\u0107e o napretku provedbe AP 1 &#8211; III kvartal 5 Aneks Godi\u0161njeg izvje\u0161\u0107a o napretku za 2008. [&hellip;]<\/p>\n","protected":false},"author":1,"featured_media":0,"parent":660,"menu_order":0,"comment_status":"closed","ping_status":"closed","template":"","meta":[],"meta_box":{"transparency-naslov":"","transparency-opis":"","transparency-video":""},"_links":{"self":[{"href":"https:\/\/parco.gov.ba\/hr\/wp-json\/wp\/v2\/pages\/673"}],"collection":[{"href":"https:\/\/parco.gov.ba\/hr\/wp-json\/wp\/v2\/pages"}],"about":[{"href":"https:\/\/parco.gov.ba\/hr\/wp-json\/wp\/v2\/types\/page"}],"author":[{"embeddable":true,"href":"https:\/\/parco.gov.ba\/hr\/wp-json\/wp\/v2\/users\/1"}],"replies":[{"embeddable":true,"href":"https:\/\/parco.gov.ba\/hr\/wp-json\/wp\/v2\/comments?post=673"}],"version-history":[{"count":2,"href":"https:\/\/parco.gov.ba\/hr\/wp-json\/wp\/v2\/pages\/673\/revisions"}],"predecessor-version":[{"id":14266,"href":"https:\/\/parco.gov.ba\/hr\/wp-json\/wp\/v2\/pages\/673\/revisions\/14266"}],"up":[{"embeddable":true,"href":"https:\/\/parco.gov.ba\/hr\/wp-json\/wp\/v2\/pages\/660"}],"wp:attachment":[{"href":"https:\/\/parco.gov.ba\/hr\/wp-json\/wp\/v2\/media?parent=673"}],"curies":[{"name":"wp","href":"https:\/\/api.w.org\/{rel}","templated":true}]}}