{"id":21227,"date":"2023-10-08T13:28:58","date_gmt":"2023-10-08T11:28:58","guid":{"rendered":"https:\/\/parco.gov.ba\/?page_id=21227"},"modified":"2023-10-15T13:05:17","modified_gmt":"2023-10-15T11:05:17","slug":"polugodisnji-izvjestaj-o-napretku-januar-juni-2023-nacrt","status":"publish","type":"page","link":"https:\/\/parco.gov.ba\/hr\/dokumenti\/izvjestaji\/izvjestaji-o-napretku-rju\/polugodisnji-izvjestaj-o-napretku-januar-juni-2023-nacrt\/","title":{"rendered":"Izvje\u0161taj o implementaciji Akcionog plana Strate\u0161kog okvira za reformu javne uprave u Bosni i Hercegovini 2018-2027 (Nacrt izvje\u0161taja)"},"content":{"rendered":"<p><\/p>\n<table style=\"border-collapse: collapse; width: 100%;\">\n<tbody>\n<tr>\n<td style=\"width: 1.54256%;\">1<\/td>\n<td style=\"width: 0.838286%;\"><\/td>\n<td style=\"width: 97.619%;\"><a href=\"https:\/\/parco.gov.ba\/wp-content\/uploads\/2023\/04\/Izvjestaj-o-implementaciji-APSORJU_nacrt.pdf\" target=\"_blank\" rel=\"noopener\">Izvje\u0161taj o implementaciji Akcionog plana Strate\u0161kog okvira za reformu javne uprave u Bosni i Hercegovini 2018-2027 (Nacrt izvje\u0161taja)<\/a><\/td>\n<\/tr>\n<tr>\n<td style=\"width: 1.54256%;\"><\/td>\n<td style=\"width: 0.838286%;\"><\/td>\n<td style=\"width: 97.619%;\"><\/td>\n<\/tr>\n<\/tbody>\n<\/table>\n<p><\/p>","protected":false},"excerpt":{"rendered":"<p>1 Izvje\u0161taj o implementaciji Akcionog plana Strate\u0161kog okvira za reformu javne uprave u Bosni i Hercegovini 2018-2027 (Nacrt izvje\u0161taja)<\/p>\n","protected":false},"author":3,"featured_media":0,"parent":660,"menu_order":14,"comment_status":"closed","ping_status":"closed","template":"","meta":[],"meta_box":{"transparency-naslov":"","transparency-opis":"","transparency-video":""},"_links":{"self":[{"href":"https:\/\/parco.gov.ba\/hr\/wp-json\/wp\/v2\/pages\/21227"}],"collection":[{"href":"https:\/\/parco.gov.ba\/hr\/wp-json\/wp\/v2\/pages"}],"about":[{"href":"https:\/\/parco.gov.ba\/hr\/wp-json\/wp\/v2\/types\/page"}],"author":[{"embeddable":true,"href":"https:\/\/parco.gov.ba\/hr\/wp-json\/wp\/v2\/users\/3"}],"replies":[{"embeddable":true,"href":"https:\/\/parco.gov.ba\/hr\/wp-json\/wp\/v2\/comments?post=21227"}],"version-history":[{"count":4,"href":"https:\/\/parco.gov.ba\/hr\/wp-json\/wp\/v2\/pages\/21227\/revisions"}],"predecessor-version":[{"id":21244,"href":"https:\/\/parco.gov.ba\/hr\/wp-json\/wp\/v2\/pages\/21227\/revisions\/21244"}],"up":[{"embeddable":true,"href":"https:\/\/parco.gov.ba\/hr\/wp-json\/wp\/v2\/pages\/660"}],"wp:attachment":[{"href":"https:\/\/parco.gov.ba\/hr\/wp-json\/wp\/v2\/media?parent=21227"}],"curies":[{"name":"wp","href":"https:\/\/api.w.org\/{rel}","templated":true}]}}