{"id":18914,"date":"2012-01-27T10:29:00","date_gmt":"2012-01-27T10:29:00","guid":{"rendered":"http:\/\/rju.parco.gov.ba\/rju-projekti\/"},"modified":"2020-10-28T00:46:13","modified_gmt":"2020-10-27T23:46:13","slug":"rju-projekti","status":"publish","type":"page","link":"https:\/\/parco.gov.ba\/hr\/rju-projekti\/","title":{"rendered":"RJU projekti"},"content":{"rendered":"<p>Me\u0111unarodna zajednica, posredstvom mnogobrojnih projekata, aktivno sudjeluje u Bosni i Hercegovini na polju reforme javne uprave. Iskustva iz ostalih zemalja Centralne i Isto\u010dne Europe pokazuju da put ka \u010dlanstvu u EU name\u0107e ogromne zahtjeve javnoj upravi. Kako bi olak\u0161ala i ubrzala proces reforme, me\u0111unarodna zajednica je posredstvom razli\u010ditih donatora osigurala zna\u010dajna sredstva za reformu javne uprave. Donatori pomo\u0107 usmjeravaju na dostizanje pojedina\u010dnih ciljeva reforme kako bi u kona\u010dnici bio dostignut krajnji cilj &#8211; javna uprava u Bosni i Hercegovini koja funkcionira u skladu sa najboljom praksom Europske unije.<\/p>\n<p>Donatori koji u BiH sprovode projekte u oblasti reforme javne uprave su: Delegacija Europske unije, Odjel Ujedinjenog Kraljevstva za me\u0111unarodni razvitak i suradnju (DfID), \u0160vedska Agencija za me\u0111unarodni razvitak i suradnju (Sida), Ambasada Kraljevine Nizozemske, USAID, UNDP, SIGMA, Svjetska banka, OSCE i ostali. Projekti koje sprovode obuhva\u0107aju \u0161iroki spektar aktivnosti usmjerenih na unapre\u0111enje javne uprave na centralnoj, entitetskoj i lokalnoj razini.<\/p>\n<p>U nastavku je pregled projekata po donatorima sa glavnim informacijama o projektima koji su, u izravnoj ili neizravnoj svezi sa reformom javne uprave u Bosni i Hercegovini.<\/p>\n<table border=\"1\" width=\"468\">\n<tbody>\n<tr>\n<td style=\"width: 33%;\" align=\"center\"><a href=\"http:\/\/parco.gov.ba\/rju-projekti\/rju-projekat-42\/\"><img loading=\"lazy\" src=\"http:\/\/parco.gov.ba\/wp-content\/uploads\/rju\/2012\/01\/eu.jpg\" alt=\"Europsa komisija\" width=\"74\" height=\"51\" border=\"0\" \/><\/a><\/td>\n<td style=\"width: 33%;\" align=\"center\"><a href=\"http:\/\/parco.gov.ba\/rju-projekti\/undp-projekti\/\"><img loading=\"lazy\" src=\"http:\/\/parco.gov.ba\/wp-content\/uploads\/rju\/2012\/01\/undp.gif\" alt=\"UNDP\" width=\"100\" height=\"100\" border=\"0\" \/><\/a><strong><br \/>\n<\/strong><\/td>\n<td style=\"width: 33%;\" align=\"center\"><a href=\"http:\/\/parco.gov.ba\/rju-projekti\/usaid-projekti\/\"><img loading=\"lazy\" src=\"http:\/\/parco.gov.ba\/wp-content\/uploads\/rju\/2012\/01\/usaid.gif\" alt=\"USAID\" width=\"100\" height=\"100\" border=\"0\" \/><\/a><strong><br \/>\n<\/strong><\/td>\n<\/tr>\n<tr>\n<td align=\"center\"><a href=\"http:\/\/parco.gov.ba\/rju-projekti\/sigma-projekti\/\"><img loading=\"lazy\" title=\"SIGMA\" src=\"http:\/\/parco.gov.ba\/wp-content\/uploads\/rju\/2012\/01\/20110706113553-srednja.jpg\" alt=\"SIGMA\" width=\"130\" height=\"130\" border=\"0\" \/><\/a><strong><a href=\"http:\/\/parco.gov.ba\/rju-projekti\/sigma-projekti\/\"><br \/>\n<\/a><\/strong><\/td>\n<td align=\"center\">\n<div style=\"text-align: center;\"><img loading=\"lazy\" src=\"http:\/\/parco.gov.ba\/wp-content\/uploads\/rju\/2012\/01\/dfid.gif\" alt=\"DFID\" width=\"100\" height=\"100\" border=\"0\" \/><\/div>\n<p><strong><a href=\"http:\/\/ukinbih.fco.gov.uk\/en\/\">Ambasada Velike Britanije<\/a><br \/>\n<\/strong><\/td>\n<td align=\"center\"><strong><a href=\"http:\/\/parco.gov.ba\/rju-projekti\/projekti-ostalih-donatora\/\">Ostali<\/a><\/strong><\/td>\n<\/tr>\n<\/tbody>\n<\/table>\n<p>&nbsp;<\/p>","protected":false},"excerpt":{"rendered":"<p>Me\u0111unarodna zajednica, posredstvom mnogobrojnih projekata, aktivno sudjeluje u Bosni i Hercegovini na polju reforme javne uprave. Iskustva iz ostalih zemalja Centralne i Isto\u010dne Europe pokazuju da put ka \u010dlanstvu u EU name\u0107e ogromne zahtjeve javnoj upravi. Kako bi olak\u0161ala i ubrzala proces reforme, me\u0111unarodna zajednica je posredstvom razli\u010ditih donatora osigurala zna\u010dajna sredstva za reformu javne [&hellip;]<\/p>\n","protected":false},"author":1,"featured_media":0,"parent":0,"menu_order":0,"comment_status":"closed","ping_status":"closed","template":"","meta":[],"meta_box":{"transparency-naslov":"","transparency-opis":"","transparency-video":""},"_links":{"self":[{"href":"https:\/\/parco.gov.ba\/hr\/wp-json\/wp\/v2\/pages\/18914"}],"collection":[{"href":"https:\/\/parco.gov.ba\/hr\/wp-json\/wp\/v2\/pages"}],"about":[{"href":"https:\/\/parco.gov.ba\/hr\/wp-json\/wp\/v2\/types\/page"}],"author":[{"embeddable":true,"href":"https:\/\/parco.gov.ba\/hr\/wp-json\/wp\/v2\/users\/1"}],"replies":[{"embeddable":true,"href":"https:\/\/parco.gov.ba\/hr\/wp-json\/wp\/v2\/comments?post=18914"}],"version-history":[{"count":3,"href":"https:\/\/parco.gov.ba\/hr\/wp-json\/wp\/v2\/pages\/18914\/revisions"}],"predecessor-version":[{"id":19145,"href":"https:\/\/parco.gov.ba\/hr\/wp-json\/wp\/v2\/pages\/18914\/revisions\/19145"}],"wp:attachment":[{"href":"https:\/\/parco.gov.ba\/hr\/wp-json\/wp\/v2\/media?parent=18914"}],"curies":[{"name":"wp","href":"https:\/\/api.w.org\/{rel}","templated":true}]}}