{"id":21526,"date":"2024-02-15T14:07:13","date_gmt":"2024-02-15T13:07:13","guid":{"rendered":"https:\/\/parco.gov.ba\/?page_id=21526"},"modified":"2024-04-23T09:33:33","modified_gmt":"2024-04-23T07:33:33","slug":"izvjestaj-o-napretku-2023-finalna-verzija","status":"publish","type":"page","link":"https:\/\/parco.gov.ba\/cr\/dokumenti\/izvjestaji\/izvjestaji-o-napretku-rju\/izvjestaj-o-napretku-2023-finalna-verzija\/","title":{"rendered":"Godi\u0161nji izvje\u0161taj o implementaciji Akcionog plana Strate\u0161kog okvira za reformu javne uprave u Bosni i Hercegovini 2018-2027, za 2023. godinu (nacrt)"},"content":{"rendered":"<p><\/p>\n<table class=\"docs\" style=\"height: 51px; width: 28.6283%;\" width=\"584\" cellspacing=\"0\" cellpadding=\"2\">\n<tbody>\n<tr style=\"height: 35px;\">\n<th class=\"fr-left\" style=\"width: 6.06586%; height: 35px;\">No.<\/th>\n<th class=\"fr\" style=\"width: 1.90641%; height: 35px;\"><\/th>\n<th class=\"fr\" style=\"width: 91.6811%; height: 35px;\">Ime<\/th>\n<\/tr>\n<tr class=\"file-item\" style=\"height: 3px;\">\n<td style=\"width: 6.06586%; height: 10px;\" align=\"center\">1<\/td>\n<td style=\"width: 1.90641%; height: 10px;\" valign=\"middle\"><\/td>\n<td style=\"width: 91.6811%; height: 10px;\" align=\"left\"><a href=\"https:\/\/parco.gov.ba\/wp-content\/uploads\/2024\/02\/Godisnji-izvjes\u030ctaj-o-napretku-za-2023.-godinu_nacrt_23-02-24.pdf\" target=\"_blank\" rel=\"noopener\">Godi\u0161nji izvje\u0161taj o implementaciji Akcionog plana Strate\u0161kog okvira za reformu javne uprave u Bosni i Hercegovini 2018-2027, za 2023. godinu (nacrt)<\/a><\/td>\n<\/tr>\n<tr class=\"file-item\" style=\"height: 3px;\">\n<td style=\"width: 6.06586%; height: 3px;\" align=\"center\">2<\/td>\n<td style=\"width: 1.90641%; height: 3px;\" valign=\"middle\"><\/td>\n<td style=\"width: 91.6811%; height: 3px;\" align=\"left\"><a href=\"https:\/\/parco.gov.ba\/wp-content\/uploads\/2024\/04\/Prilog-Tabelarni-pregled-provedbe-AP_januar-decembar-2023_nacrt.pdf\" target=\"_blank\" rel=\"noopener\">Prilog-Tabelarni pregled provedbe AP_januar-decembar 2023_nacrt<\/a><\/td>\n<\/tr>\n<tr class=\"file-item\" style=\"height: 3px;\">\n<td style=\"width: 6.06586%; height: 3px;\" align=\"center\">3<\/td>\n<td style=\"width: 1.90641%; height: 3px;\" valign=\"middle\"><\/td>\n<td style=\"width: 91.6811%; height: 3px;\" align=\"left\"><\/td>\n<\/tr>\n<\/tbody>\n<\/table>\n<p><\/p>","protected":false},"excerpt":{"rendered":"<p>No. Ime 1 Godi\u0161nji izvje\u0161taj o implementaciji Akcionog plana Strate\u0161kog okvira za reformu javne uprave u Bosni i Hercegovini 2018-2027, za 2023. godinu (nacrt) 2 Prilog-Tabelarni pregled provedbe AP_januar-decembar 2023_nacrt 3<\/p>\n","protected":false},"author":3,"featured_media":0,"parent":660,"menu_order":16,"comment_status":"closed","ping_status":"closed","template":"list-page.php","meta":[],"meta_box":{"transparency-naslov":"","transparency-opis":"","transparency-video":""},"_links":{"self":[{"href":"https:\/\/parco.gov.ba\/cr\/wp-json\/wp\/v2\/pages\/21526"}],"collection":[{"href":"https:\/\/parco.gov.ba\/cr\/wp-json\/wp\/v2\/pages"}],"about":[{"href":"https:\/\/parco.gov.ba\/cr\/wp-json\/wp\/v2\/types\/page"}],"author":[{"embeddable":true,"href":"https:\/\/parco.gov.ba\/cr\/wp-json\/wp\/v2\/users\/3"}],"replies":[{"embeddable":true,"href":"https:\/\/parco.gov.ba\/cr\/wp-json\/wp\/v2\/comments?post=21526"}],"version-history":[{"count":9,"href":"https:\/\/parco.gov.ba\/cr\/wp-json\/wp\/v2\/pages\/21526\/revisions"}],"predecessor-version":[{"id":21866,"href":"https:\/\/parco.gov.ba\/cr\/wp-json\/wp\/v2\/pages\/21526\/revisions\/21866"}],"up":[{"embeddable":true,"href":"https:\/\/parco.gov.ba\/cr\/wp-json\/wp\/v2\/pages\/660"}],"wp:attachment":[{"href":"https:\/\/parco.gov.ba\/cr\/wp-json\/wp\/v2\/media?parent=21526"}],"curies":[{"name":"wp","href":"https:\/\/api.w.org\/{rel}","templated":true}]}}